{"id":18,"date":"2014-03-04T17:24:14","date_gmt":"2014-03-04T17:24:14","guid":{"rendered":"http:\/\/www.neurohirurgija.org\/?page_id=18"},"modified":"2014-06-12T10:07:18","modified_gmt":"2014-06-12T10:07:18","slug":"statut","status":"publish","type":"page","link":"http:\/\/www.neurohirurgija.org\/?page_id=18","title":{"rendered":"CILJEVI I DJELATNOSTI\/GOALS AND ACTIVITIES"},"content":{"rendered":"<ul>\n<li>vodi registar svojih \u010dlanova;<\/li>\n<li>poma\u017ee u za\u0161titi prava i ugleda svojih \u010dlanova;<\/li>\n<li>prati i nadzire provo\u0111enje pravila-kodeks medicinske etike i deontologije i predla\u017ee odgovaraju\u0107e mjere u slu\u010daju njegovog kr\u0161enja;<\/li>\n<li>organizira strukovna usavr\u0161avanja iz oblasti neurohirurgije;<\/li>\n<li>organizira stru\u010dne sastanke, simpozije, kongrese iz oblasti neurohirurgije;<\/li>\n<li>ostvaruje razmjenu iskustava i informacija sa drugim neurohirur\u0161kim asocijacijama i udru\u017eenjima u zemlji i inostranstvu;<\/li>\n<li>sudjeluje u oblikovanju programa specijalizantskog sta\u017ea i postdiplomskog neurohiru\u0161koga usavr\u0161avanja;<\/li>\n<li>planira, prati, nadgleda sekundarijat specijalizacije i druge oblike neurohir\u0161koga usavr\u0161avanja;<\/li>\n<li>prati i preporu\u010duje uslove stru\u010dnoga usavr\u0161avanja za pro\u0161irenje djelatnosti;<\/li>\n<li>inicira i predla\u017ee ministarstvima, ljekarskim\/lije\u010dni\u010dkim komorama i medicinskim ustanovama \u010dlanove komisija za specijalisti\u010dke ispite;<\/li>\n<li>prati i preporu\u010duje sadr\u017eaj i rokove provjere stru\u010dnosti neurohirurga;<\/li>\n<li>vodi brigu i evidenciju o ljekarima koji su profesionalno izlo\u017eeni riziku o\u0161te\u0107enja zdravlja;<\/li>\n<li>podsti\u010de kolegijalnu saradnju me\u0111u \u010dlanovima Udru\u017eenja;<\/li>\n<li>inicira, prati i sudjeluje u izradi standarda i normativa neurohirur\u0161kih usluga;<\/li>\n<li>inicira i predla\u017ee organiziranja mre\u017ee neurohiru\u0161ke djelatnosti;<\/li>\n<li>obezbje\u0111uje trajnu meterijalnu i finansijsku samostalnost Udru\u017eenja kroz marketin\u0161ke aktivnosti,izdava\u010dke djelatnosti i organiziranje stru\u010dnih predavanja i seminara i sl., za potrebe \u010dlanstva na na\u010din predvi\u0111en Zakonom,<\/li>\n<li>inicira i podr\u017eava razmjenu iskustava i informacija sa univerzitetskim medicinskim centrima i udru\u017eenjima, drugim udru\u017eenjima i pravnim licima u zemlji i inostranstvu;<\/li>\n<li>obavlja i druge poslove i zadatke koji proisti\u0107u iz programa i planova rada Udru\u017eenja<\/li>\n<\/ul>\n<p>&nbsp;<\/p>\n","protected":false},"excerpt":{"rendered":"<p>vodi registar svojih \u010dlanova; poma\u017ee u za\u0161titi prava i ugleda svojih \u010dlanova; prati i nadzire provo\u0111enje pravila-kodeks medicinske etike i deontologije i predla\u017ee odgovaraju\u0107e mjere u slu\u010daju njegovog kr\u0161enja; organizira strukovna usavr\u0161avanja iz oblasti neurohirurgije; organizira stru\u010dne sastanke, simpozije, kongrese iz oblasti neurohirurgije; ostvaruje razmjenu iskustava i informacija sa drugim neurohirur\u0161kim asocijacijama i udru\u017eenjima u &hellip; <a href=\"http:\/\/www.neurohirurgija.org\/?page_id=18\" class=\"more-link\">Continue reading <span class=\"screen-reader-text\">CILJEVI I DJELATNOSTI\/GOALS AND ACTIVITIES<\/span> <span class=\"meta-nav\">&rarr;<\/span><\/a><\/p>\n","protected":false},"author":1,"featured_media":0,"parent":0,"menu_order":2,"comment_status":"closed","ping_status":"closed","template":"","meta":{"footnotes":"","_links_to":"","_links_to_target":""},"_links":{"self":[{"href":"http:\/\/www.neurohirurgija.org\/index.php?rest_route=\/wp\/v2\/pages\/18"}],"collection":[{"href":"http:\/\/www.neurohirurgija.org\/index.php?rest_route=\/wp\/v2\/pages"}],"about":[{"href":"http:\/\/www.neurohirurgija.org\/index.php?rest_route=\/wp\/v2\/types\/page"}],"author":[{"embeddable":true,"href":"http:\/\/www.neurohirurgija.org\/index.php?rest_route=\/wp\/v2\/users\/1"}],"replies":[{"embeddable":true,"href":"http:\/\/www.neurohirurgija.org\/index.php?rest_route=%2Fwp%2Fv2%2Fcomments&post=18"}],"version-history":[{"count":9,"href":"http:\/\/www.neurohirurgija.org\/index.php?rest_route=\/wp\/v2\/pages\/18\/revisions"}],"predecessor-version":[{"id":266,"href":"http:\/\/www.neurohirurgija.org\/index.php?rest_route=\/wp\/v2\/pages\/18\/revisions\/266"}],"wp:attachment":[{"href":"http:\/\/www.neurohirurgija.org\/index.php?rest_route=%2Fwp%2Fv2%2Fmedia&parent=18"}],"curies":[{"name":"wp","href":"https:\/\/api.w.org\/{rel}","templated":true}]}}